{"id":83123,"date":"2021-07-29T17:57:41","date_gmt":"2021-07-29T15:57:41","guid":{"rendered":"http:\/\/challengeassurancesvelo.com\/?page_id=83123"},"modified":"2024-04-08T17:33:29","modified_gmt":"2024-04-08T15:33:29","slug":"classements","status":"publish","type":"page","link":"https:\/\/challengeassurancesvelo.com\/index.php\/classements\/","title":{"rendered":"Classements"},"content":{"rendered":"<div class=\"wpb-content-wrapper\"><p>[vc_row][vc_column column_width_percent=\u00a0\u00bb100&Prime; position_vertical=\u00a0\u00bbmiddle\u00a0\u00bb gutter_size=\u00a0\u00bb3&Prime; overlay_alpha=\u00a0\u00bb50&Prime; shift_x=\u00a0\u00bb0&Prime; shift_y=\u00a0\u00bb0&Prime; shift_y_down=\u00a0\u00bb0&Prime; z_index=\u00a0\u00bb0&Prime; medium_width=\u00a0\u00bb0&Prime; mobile_width=\u00a0\u00bb0&Prime; uncode_shortcode_id=\u00a0\u00bb836217&Prime;][vc_custom_heading heading_semantic=\u00a0\u00bbh3&Prime; text_size=\u00a0\u00bbh1&Prime; separator=\u00a0\u00bbyes\u00a0\u00bb separator_color=\u00a0\u00bbyes\u00a0\u00bb separator_double=\u00a0\u00bbyes\u00a0\u00bb sub_reduced=\u00a0\u00bbyes\u00a0\u00bb uncode_shortcode_id=\u00a0\u00bb126516&Prime;]<\/p>\n<h3><span style=\"vertical-align: inherit;\">Ami(e)s cyclistes bonjour !<\/span><\/h3>\n<p>[\/vc_custom_heading][vc_row_inner row_inner_height_percent=\u00a0\u00bb0&Prime; overlay_alpha=\u00a0\u00bb50&Prime; gutter_size=\u00a0\u00bb3&Prime; shift_y=\u00a0\u00bb0&Prime; z_index=\u00a0\u00bb0&Prime; el_id=\u00a0\u00bbcyclosportives\u00a0\u00bb limit_content=\u00a0\u00bb\u00a0\u00bb][vc_column_inner column_width_percent=\u00a0\u00bb100&Prime; gutter_size=\u00a0\u00bb3&Prime; overlay_alpha=\u00a0\u00bb50&Prime; shift_x=\u00a0\u00bb0&Prime; shift_y=\u00a0\u00bb0&Prime; shift_y_down=\u00a0\u00bb0&Prime; z_index=\u00a0\u00bb0&Prime; medium_width=\u00a0\u00bb0&Prime; mobile_visibility=\u00a0\u00bbyes\u00a0\u00bb mobile_width=\u00a0\u00bb0&Prime; width=\u00a0\u00bb1\/4&Prime; uncode_shortcode_id=\u00a0\u00bb314306&Prime;][vc_custom_heading heading_semantic=\u00a0\u00bbh3&Prime; uncode_shortcode_id=\u00a0\u00bb172208&Prime;]Classement du 91[\/vc_custom_heading][\/vc_column_inner][vc_column_inner column_width_percent=\u00a0\u00bb100&Prime; align_horizontal=\u00a0\u00bbalign_center\u00a0\u00bb gutter_size=\u00a0\u00bb3&Prime; overlay_alpha=\u00a0\u00bb50&Prime; shift_x=\u00a0\u00bb0&Prime; shift_y=\u00a0\u00bb0&Prime; shift_y_down=\u00a0\u00bb0&Prime; z_index=\u00a0\u00bb0&Prime; medium_width=\u00a0\u00bb0&Prime; mobile_width=\u00a0\u00bb0&Prime; width=\u00a0\u00bb3\/4&Prime; uncode_shortcode_id=\u00a0\u00bb106791&Prime;][vc_button button_color=\u00a0\u00bbcolor-193940&Prime; wide=\u00a0\u00bbyes\u00a0\u00bb hover_fx=\u00a0\u00bboutlined\u00a0\u00bb outline=\u00a0\u00bbyes\u00a0\u00bb border_width=\u00a0\u00bb0&Prime; link=\u00a0\u00bburl:https%3A%2F%2Facrobat.adobe.com%2Fid%2Furn%3Aaaid%3Asc%3AEU%3A00485194-f5d4-45bd-92c8-b96af3d0a222&Prime; uncode_shortcode_id=\u00a0\u00bb151700&Prime; button_color_type=\u00a0\u00bbuncode-palette\u00a0\u00bb]VOIR LE CLASSEMENT[\/vc_button][\/vc_column_inner][\/vc_row_inner][vc_row_inner][vc_column_inner width=\u00a0\u00bb1\/4&Prime;][vc_custom_heading heading_semantic=\u00a0\u00bbh3&Prime; uncode_shortcode_id=\u00a0\u00bb168276&Prime;]Classement du 28[\/vc_custom_heading][\/vc_column_inner][vc_column_inner width=\u00a0\u00bb3\/4&Prime;][vc_button button_color=\u00a0\u00bbcolor-193940&Prime; wide=\u00a0\u00bbyes\u00a0\u00bb hover_fx=\u00a0\u00bboutlined\u00a0\u00bb outline=\u00a0\u00bbyes\u00a0\u00bb border_width=\u00a0\u00bb0&Prime; link=\u00a0\u00bburl:http%3A%2F%2Fwww.dreuxcc.com%2F2023%2F06%2Fles-classements-du-challenge-ufolep-28-apres-lhopiteau-28.html\u00a0\u00bb uncode_shortcode_id=\u00a0\u00bb146897&Prime; button_color_type=\u00a0\u00bbuncode-palette\u00a0\u00bb]VOIR LE CLASSEMENT[\/vc_button][\/vc_column_inner][\/vc_row_inner][vc_column_text uncode_shortcode_id=\u00a0\u00bb238928&Prime;]D&rsquo;autres r\u00e9sultats seront bient\u00f4t communiqu\u00e9s.[\/vc_column_text][\/vc_column][\/vc_row]<\/p>\n<\/div>","protected":false},"excerpt":{"rendered":"<p>[vc_row][vc_column column_width_percent=\u00a0\u00bb100&Prime; position_vertical=\u00a0\u00bbmiddle\u00a0\u00bb gutter_size=\u00a0\u00bb3&Prime; overlay_alpha=\u00a0\u00bb50&Prime; shift_x=\u00a0\u00bb0&Prime; shift_y=\u00a0\u00bb0&Prime; shift_y_down=\u00a0\u00bb0&Prime; z_index=\u00a0\u00bb0&Prime; medium_width=\u00a0\u00bb0&Prime; mobile_width=\u00a0\u00bb0&Prime; uncode_shortcode_id=\u00a0\u00bb836217&Prime;][vc_custom_heading heading_semantic=\u00a0\u00bbh3&Prime; text_size=\u00a0\u00bbh1&Prime; separator=\u00a0\u00bbyes\u00a0\u00bb separator_color=\u00a0\u00bbyes\u00a0\u00bb separator_double=\u00a0\u00bbyes\u00a0\u00bb sub_reduced=\u00a0\u00bbyes\u00a0\u00bb uncode_shortcode_id=\u00a0\u00bb126516&Prime;] Ami(e)s [&hellip;]<\/p>\n","protected":false},"author":1,"featured_media":0,"parent":0,"menu_order":0,"comment_status":"closed","ping_status":"closed","template":"","meta":{"footnotes":""},"class_list":["post-83123","page","type-page","status-publish","hentry","page_category-challenge-assurances-velo"],"_links":{"self":[{"href":"https:\/\/challengeassurancesvelo.com\/index.php\/wp-json\/wp\/v2\/pages\/83123","targetHints":{"allow":["GET"]}}],"collection":[{"href":"https:\/\/challengeassurancesvelo.com\/index.php\/wp-json\/wp\/v2\/pages"}],"about":[{"href":"https:\/\/challengeassurancesvelo.com\/index.php\/wp-json\/wp\/v2\/types\/page"}],"author":[{"embeddable":true,"href":"https:\/\/challengeassurancesvelo.com\/index.php\/wp-json\/wp\/v2\/users\/1"}],"replies":[{"embeddable":true,"href":"https:\/\/challengeassurancesvelo.com\/index.php\/wp-json\/wp\/v2\/comments?post=83123"}],"version-history":[{"count":25,"href":"https:\/\/challengeassurancesvelo.com\/index.php\/wp-json\/wp\/v2\/pages\/83123\/revisions"}],"predecessor-version":[{"id":83722,"href":"https:\/\/challengeassurancesvelo.com\/index.php\/wp-json\/wp\/v2\/pages\/83123\/revisions\/83722"}],"wp:attachment":[{"href":"https:\/\/challengeassurancesvelo.com\/index.php\/wp-json\/wp\/v2\/media?parent=83123"}],"curies":[{"name":"wp","href":"https:\/\/api.w.org\/{rel}","templated":true}]}}